{"id":308,"date":"2013-12-06T23:29:49","date_gmt":"2013-12-06T21:29:49","guid":{"rendered":"http:\/\/titivituntyy.com\/?page_id=308"},"modified":"2013-12-06T23:29:49","modified_gmt":"2013-12-06T21:29:49","slug":"usein-kysytyt-kysymykset","status":"publish","type":"page","link":"https:\/\/j3hyperactive.com\/titivituntyy.com\/index.php\/usein-kysytyt-kysymykset\/","title":{"rendered":"Usein kysytyt kysymykset"},"content":{"rendered":"<p><a href=\"\/titivituntyy.com\/wp-content\/uploads\/2013\/10\/kyhmyjoutsen_jahtaa_viattomia_isokoskeloita_IMG_osa2_1733.jpg\"><img loading=\"lazy\" decoding=\"async\" class=\"alignnone size-large wp-image-199\" alt=\"kyhmyjoutsen_jahtaa_viattomia_isokoskeloita_IMG_osa2_1733\" src=\"\/titivituntyy.com\/wp-content\/uploads\/2013\/10\/kyhmyjoutsen_jahtaa_viattomia_isokoskeloita_IMG_osa2_1733-1024x389.jpg\" width=\"500\" height=\"189\" \/><\/a><\/p>\n<p><strong>Kysymys 1: Kuka on TitiVITUNtyy-blogin takana oikeassa el\u00e4m\u00e4ss\u00e4?<\/strong><br \/>\nReino: Min\u00e4.<\/p>\n<p><strong>Kysymys 2: Kenen ottamia TitiVITUNtyy-blogin kuvat ovat?<\/strong><br \/>\nReino: Minun. Paitsi ulkomaiset linnut ovat vaimon muistikorteilta, koska en k\u00e4y is\u00e4nmaallisena ihmisen\u00e4 itse ulkomailla. Kerran k\u00e4vin Ahvenanmaalla unessa, mutta kaikki puhuivat erityiskielt\u00e4 ja kello her\u00e4tti. En voi arvostaa moista.<\/p>\n<p><strong>Kysymys 3: Saanko k\u00e4ytt\u00e4\u00e4 TitiVITUNtyy.com -blogin kuvia omiin tarkoituksiini?<\/strong><br \/>\nReino: Et.<\/p>\n<p><strong>Kysymys 4: Olen rekister\u00f6itynyt k\u00e4ytt\u00e4j\u00e4. Voinko kommentoida kuvia ja juttuja?<\/strong><br \/>\nReino: Voit yritt\u00e4\u00e4. Julkaisen kommentit joissa on mielest\u00e4ni j\u00e4rke\u00e4. Useimmiten ne liittyv\u00e4t kiinte\u00e4sti luontoon ja el\u00e4imiin. Koskaan ne eiv\u00e4t liity kirjoittajien oletettuun henkil\u00f6llisyyteen.<\/p>\n<p><strong>Kysymys 5: Millaisella kamerakalustolla kuvat on otettu?<\/strong><br \/>\nReino: Helvetin kalliilla mutta ei riitt\u00e4v\u00e4n hyv\u00e4ll\u00e4. Paljekameroissa oli aikoinaan j\u00e4rke\u00e4, sen j\u00e4lkeen on menty huonompaan suuntaan.<\/p>\n<p><strong>Kysymys 6: Onko minun mahdollista ottaa yhteytt\u00e4 blogin kirjoittajaan?<\/strong><br \/>\nReino: Kirjoita viesti, kyll\u00e4 min\u00e4 ne n\u00e4en vaikka en v\u00e4ltt\u00e4m\u00e4tt\u00e4 julkaise. Vaikutat kyll\u00e4kin jotenkin rasittavalta tyypilt\u00e4, eli en sinuna v\u00e4ltt\u00e4m\u00e4tt\u00e4 vaivautuisi!<\/p>\n<p><strong>Kysymys 7: Montako lukijaa TitiVITUNtyy-blogilla on p\u00e4ivitt\u00e4in?<\/strong><br \/>\nReino: Pohjat on 120 000 lukijaa p\u00e4iv\u00e4ss\u00e4, en vittu kertakaikkiaan ymm\u00e4rr\u00e4 mik\u00e4 t\u00e4ss\u00e4 vieh\u00e4tt\u00e4\u00e4!<\/p>\n<p><strong>Kysymys 8: Koen tulleeni loukatuksi blogin teksteiss\u00e4. Kuinka menetell\u00e4?<\/strong><br \/>\nReino: Tapa ittes tikalla!<\/p>\n<p><strong>Kysymys 9: Montako lintulajia blogissa on esiintynyt yhteens\u00e4?<\/strong><br \/>\nReino: Aivan liian monta! Kameran vaihto haulikkoon on l\u00e4hemp\u00e4n\u00e4 kuin koskaan.<\/p>\n<p><strong><span style=\"color: #444444;\">Kysymys 10: Kumpi tuli ensin: muna vai kana?<br \/>\n<\/span><\/strong>Reino: Muna. Sen tajuaa lapsikin kun v\u00e4h\u00e4n miettii! Loppu!<\/p>\n","protected":false},"excerpt":{"rendered":"<p>Kysymys 1: Kuka on TitiVITUNtyy-blogin takana oikeassa el\u00e4m\u00e4ss\u00e4? Reino: Min\u00e4. Kysymys 2: Kenen ottamia TitiVITUNtyy-blogin kuvat ovat? Reino: Minun. Paitsi ulkomaiset linnut ovat vaimon muistikorteilta, koska en k\u00e4y is\u00e4nmaallisena ihmisen\u00e4 itse ulkomailla. Kerran k\u00e4vin Ahvenanmaalla unessa, mutta kaikki puhuivat erityiskielt\u00e4 ja kello her\u00e4tti. En voi arvostaa moista. Kysymys 3: Saanko k\u00e4ytt\u00e4\u00e4 TitiVITUNtyy.com -blogin kuvia omiin [&hellip;]<\/p>\n","protected":false},"author":2,"featured_media":0,"parent":0,"menu_order":0,"comment_status":"open","ping_status":"open","template":"","meta":{"footnotes":""},"class_list":["post-308","page","type-page","status-publish","hentry"],"_links":{"self":[{"href":"https:\/\/j3hyperactive.com\/titivituntyy.com\/index.php\/wp-json\/wp\/v2\/pages\/308","targetHints":{"allow":["GET"]}}],"collection":[{"href":"https:\/\/j3hyperactive.com\/titivituntyy.com\/index.php\/wp-json\/wp\/v2\/pages"}],"about":[{"href":"https:\/\/j3hyperactive.com\/titivituntyy.com\/index.php\/wp-json\/wp\/v2\/types\/page"}],"author":[{"embeddable":true,"href":"https:\/\/j3hyperactive.com\/titivituntyy.com\/index.php\/wp-json\/wp\/v2\/users\/2"}],"replies":[{"embeddable":true,"href":"https:\/\/j3hyperactive.com\/titivituntyy.com\/index.php\/wp-json\/wp\/v2\/comments?post=308"}],"version-history":[{"count":0,"href":"https:\/\/j3hyperactive.com\/titivituntyy.com\/index.php\/wp-json\/wp\/v2\/pages\/308\/revisions"}],"wp:attachment":[{"href":"https:\/\/j3hyperactive.com\/titivituntyy.com\/index.php\/wp-json\/wp\/v2\/media?parent=308"}],"curies":[{"name":"wp","href":"https:\/\/api.w.org\/{rel}","templated":true}]}}