{"id":268,"date":"2013-11-23T20:08:04","date_gmt":"2013-11-23T18:08:04","guid":{"rendered":"http:\/\/titivituntyy.com\/?page_id=268"},"modified":"2013-11-23T20:08:04","modified_gmt":"2013-11-23T18:08:04","slug":"reinon-verkkokauppa","status":"publish","type":"page","link":"https:\/\/j3hyperactive.com\/titivituntyy.com\/index.php\/reinon-verkkokauppa\/","title":{"rendered":"Reinon verkkokauppa"},"content":{"rendered":"<p><a href=\"\/titivituntyy.com\/wp-content\/uploads\/2013\/10\/narhi_IMG_0400_cropped.jpg\"><img loading=\"lazy\" decoding=\"async\" class=\"alignnone size-large wp-image-9\" alt=\"narhi_IMG_0400_cropped\" src=\"\/titivituntyy.com\/wp-content\/uploads\/2013\/10\/narhi_IMG_0400_cropped-1024x745.jpg\" width=\"500\" height=\"363\" \/><\/a><\/p>\n<p>&#8220;Ostakaa-ostakaa!&#8221;, huutaa n\u00e4rhenpoikanenkin.<\/p>\n<p>T\u00e4h\u00e4n sivulle tulee ensi vuoden torstaina verkkokauppa, jossa myyd\u00e4\u00e4n TitiVITUNtyy- ja Reino-tuotteita. Luvassa mm.:<\/p>\n<ul>\n<li>TitiVITUNtyy-kauralyhteit\u00e4<\/li>\n<li>TitiVITUNtyy-talipalloja<\/li>\n<li>TitiVITUNtyy-ritsoja<\/li>\n<li>Reino-kebabmausteita<\/li>\n<li>TitiVITUNtyy: Revenge of the Reino -mobiilipeli<\/li>\n<\/ul>\n<p>Tuotteet tulevat olemaan aivan paskoja, hinnat t\u00e4ysin kohtuuttomia ja palautusoikeudet olemattomia. Tein\u00e4 en ostaisi t\u00e4\u00e4lt\u00e4 koskaan mit\u00e4\u00e4n. Menk\u00e4\u00e4 muutenkin pois t\u00e4\u00e4lt\u00e4 n\u00f6rtt\u00e4\u00e4m\u00e4st\u00e4 JA HANKKIKAA VITTU EL\u00c4M\u00c4! LOPPU!<\/p>\n","protected":false},"excerpt":{"rendered":"<p>&#8220;Ostakaa-ostakaa!&#8221;, huutaa n\u00e4rhenpoikanenkin. T\u00e4h\u00e4n sivulle tulee ensi vuoden torstaina verkkokauppa, jossa myyd\u00e4\u00e4n TitiVITUNtyy- ja Reino-tuotteita. Luvassa mm.: TitiVITUNtyy-kauralyhteit\u00e4 TitiVITUNtyy-talipalloja TitiVITUNtyy-ritsoja Reino-kebabmausteita TitiVITUNtyy: Revenge of the Reino -mobiilipeli Tuotteet tulevat olemaan aivan paskoja, hinnat t\u00e4ysin kohtuuttomia ja palautusoikeudet olemattomia. Tein\u00e4 en ostaisi t\u00e4\u00e4lt\u00e4 koskaan mit\u00e4\u00e4n. Menk\u00e4\u00e4 muutenkin pois t\u00e4\u00e4lt\u00e4 n\u00f6rtt\u00e4\u00e4m\u00e4st\u00e4 JA HANKKIKAA VITTU EL\u00c4M\u00c4! LOPPU!<\/p>\n","protected":false},"author":2,"featured_media":0,"parent":0,"menu_order":0,"comment_status":"open","ping_status":"open","template":"full-width-page.php","meta":{"footnotes":""},"class_list":["post-268","page","type-page","status-publish","hentry"],"_links":{"self":[{"href":"https:\/\/j3hyperactive.com\/titivituntyy.com\/index.php\/wp-json\/wp\/v2\/pages\/268","targetHints":{"allow":["GET"]}}],"collection":[{"href":"https:\/\/j3hyperactive.com\/titivituntyy.com\/index.php\/wp-json\/wp\/v2\/pages"}],"about":[{"href":"https:\/\/j3hyperactive.com\/titivituntyy.com\/index.php\/wp-json\/wp\/v2\/types\/page"}],"author":[{"embeddable":true,"href":"https:\/\/j3hyperactive.com\/titivituntyy.com\/index.php\/wp-json\/wp\/v2\/users\/2"}],"replies":[{"embeddable":true,"href":"https:\/\/j3hyperactive.com\/titivituntyy.com\/index.php\/wp-json\/wp\/v2\/comments?post=268"}],"version-history":[{"count":0,"href":"https:\/\/j3hyperactive.com\/titivituntyy.com\/index.php\/wp-json\/wp\/v2\/pages\/268\/revisions"}],"wp:attachment":[{"href":"https:\/\/j3hyperactive.com\/titivituntyy.com\/index.php\/wp-json\/wp\/v2\/media?parent=268"}],"curies":[{"name":"wp","href":"https:\/\/api.w.org\/{rel}","templated":true}]}}